{"id":1104,"date":"2015-06-28T05:22:39","date_gmt":"2015-06-28T05:22:39","guid":{"rendered":"http:\/\/import.themovation.com\/bellevue\/chalet\/?page_id=119"},"modified":"2018-02-13T11:26:23","modified_gmt":"2018-02-13T07:26:23","slug":"explore","status":"publish","type":"page","link":"https:\/\/www.tenueve.com\/pt\/explore\/","title":{"rendered":"Descubra os arredores"},"content":{"rendered":"<p>Voc\u00ea pode visitar muitos lugares bonitos e incr\u00edveis a uma curta dist\u00e2ncia. Descubra a sua grande hist\u00f3ria que faz de Cuba o que \u00e9. Aprofundar seu conhecimento! Vale a pena.<\/p>\n<p>Podemos ajud\u00e1-lo com informa\u00e7\u00f5es, conhecimento e, se necess\u00e1rio, visitas guiadas.<\/p>","protected":false},"excerpt":{"rendered":"<p>Voc\u00ea pode visitar muitos lugares bonitos e incr\u00edveis a uma curta dist\u00e2ncia. Descubra a sua grande hist\u00f3ria que faz de Cuba o que \u00e9. Aprofundar seu conhecimento! Vale a pena. Podemos ajud\u00e1-lo com informa\u00e7\u00f5es, conhecimento e, se necess\u00e1rio, visitas guiadas.<\/p>\n","protected":false},"author":2,"featured_media":0,"parent":0,"menu_order":2,"comment_status":"closed","ping_status":"closed","template":"","meta":{"sharing_disabled":false,"spay_email":"","footnotes":""},"_links":{"self":[{"href":"https:\/\/www.tenueve.com\/pt\/wp-json\/wp\/v2\/pages\/1104"}],"collection":[{"href":"https:\/\/www.tenueve.com\/pt\/wp-json\/wp\/v2\/pages"}],"about":[{"href":"https:\/\/www.tenueve.com\/pt\/wp-json\/wp\/v2\/types\/page"}],"author":[{"embeddable":true,"href":"https:\/\/www.tenueve.com\/pt\/wp-json\/wp\/v2\/users\/2"}],"replies":[{"embeddable":true,"href":"https:\/\/www.tenueve.com\/pt\/wp-json\/wp\/v2\/comments?post=1104"}],"version-history":[{"count":2,"href":"https:\/\/www.tenueve.com\/pt\/wp-json\/wp\/v2\/pages\/1104\/revisions"}],"predecessor-version":[{"id":1520,"href":"https:\/\/www.tenueve.com\/pt\/wp-json\/wp\/v2\/pages\/1104\/revisions\/1520"}],"wp:attachment":[{"href":"https:\/\/www.tenueve.com\/pt\/wp-json\/wp\/v2\/media?parent=1104"}],"curies":[{"name":"wp","href":"https:\/\/api.w.org\/{rel}","templated":true}]}}