{"id":7,"date":"2017-02-17T18:14:37","date_gmt":"2017-02-17T23:14:37","guid":{"rendered":"http:\/\/import.themovation.com\/bellevue\/chalet\/home-1\/"},"modified":"2018-03-14T22:56:09","modified_gmt":"2018-03-15T03:56:09","slug":"home-1","status":"publish","type":"page","link":"https:\/\/www.tenueve.com\/it\/","title":{"rendered":"Home"},"content":{"rendered":"<p><\/p>\n<h1><a style=\"font-size: 16px;\" href=\"https:\/\/i0.wp.com\/www.tenueve.com\/wp-content\/uploads\/2017\/10\/S0348550-C45-con-piscina-buonita-con-hierba-_150dpi.jpg?ssl=1\"><img loading=\"lazy\" decoding=\"async\" data-attachment-id=\"1213\" data-permalink=\"https:\/\/www.tenueve.com\/it\/?attachment_id=1213\" data-orig-file=\"https:\/\/i0.wp.com\/www.tenueve.com\/wp-content\/uploads\/2017\/10\/S0348550-C45-con-piscina-buonita-con-hierba-_150dpi.jpg?fit=2918%2C3891&amp;ssl=1\" data-orig-size=\"2918,3891\" data-comments-opened=\"1\" data-image-meta=\"{&quot;aperture&quot;:&quot;0&quot;,&quot;credit&quot;:&quot;&quot;,&quot;camera&quot;:&quot;&quot;,&quot;caption&quot;:&quot;&quot;,&quot;created_timestamp&quot;:&quot;0&quot;,&quot;copyright&quot;:&quot;&quot;,&quot;focal_length&quot;:&quot;0&quot;,&quot;iso&quot;:&quot;0&quot;,&quot;shutter_speed&quot;:&quot;0&quot;,&quot;title&quot;:&quot;&quot;,&quot;orientation&quot;:&quot;0&quot;}\" data-image-title=\"House with swimming pool\" data-image-description=\"\" data-medium-file=\"https:\/\/i0.wp.com\/www.tenueve.com\/wp-content\/uploads\/2017\/10\/S0348550-C45-con-piscina-buonita-con-hierba-_150dpi.jpg?fit=225%2C300&amp;ssl=1\" data-large-file=\"https:\/\/i0.wp.com\/www.tenueve.com\/wp-content\/uploads\/2017\/10\/S0348550-C45-con-piscina-buonita-con-hierba-_150dpi.jpg?fit=768%2C1024&amp;ssl=1\" class=\"alignnone wp-image-1213 size-full\" src=\"https:\/\/i0.wp.com\/www.tenueve.com\/wp-content\/uploads\/2017\/10\/S0348550-C45-con-piscina-buonita-con-hierba-_150dpi.jpg?resize=1140%2C1520&#038;ssl=1\" alt=\"\" width=\"1140\" height=\"1520\" srcset=\"https:\/\/i0.wp.com\/www.tenueve.com\/wp-content\/uploads\/2017\/10\/S0348550-C45-con-piscina-buonita-con-hierba-_150dpi.jpg?w=2918&amp;ssl=1 2918w, https:\/\/i0.wp.com\/www.tenueve.com\/wp-content\/uploads\/2017\/10\/S0348550-C45-con-piscina-buonita-con-hierba-_150dpi.jpg?resize=600%2C800&amp;ssl=1 600w, https:\/\/i0.wp.com\/www.tenueve.com\/wp-content\/uploads\/2017\/10\/S0348550-C45-con-piscina-buonita-con-hierba-_150dpi.jpg?resize=225%2C300&amp;ssl=1 225w, https:\/\/i0.wp.com\/www.tenueve.com\/wp-content\/uploads\/2017\/10\/S0348550-C45-con-piscina-buonita-con-hierba-_150dpi.jpg?resize=768%2C1024&amp;ssl=1 768w, https:\/\/i0.wp.com\/www.tenueve.com\/wp-content\/uploads\/2017\/10\/S0348550-C45-con-piscina-buonita-con-hierba-_150dpi.jpg?resize=142%2C190&amp;ssl=1 142w, https:\/\/i0.wp.com\/www.tenueve.com\/wp-content\/uploads\/2017\/10\/S0348550-C45-con-piscina-buonita-con-hierba-_150dpi.jpg?resize=675%2C900&amp;ssl=1 675w, https:\/\/i0.wp.com\/www.tenueve.com\/wp-content\/uploads\/2017\/10\/S0348550-C45-con-piscina-buonita-con-hierba-_150dpi.jpg?resize=255%2C340&amp;ssl=1 255w, https:\/\/i0.wp.com\/www.tenueve.com\/wp-content\/uploads\/2017\/10\/S0348550-C45-con-piscina-buonita-con-hierba-_150dpi.jpg?resize=60%2C80&amp;ssl=1 60w, https:\/\/i0.wp.com\/www.tenueve.com\/wp-content\/uploads\/2017\/10\/S0348550-C45-con-piscina-buonita-con-hierba-_150dpi.jpg?resize=30%2C40&amp;ssl=1 30w, https:\/\/i0.wp.com\/www.tenueve.com\/wp-content\/uploads\/2017\/10\/S0348550-C45-con-piscina-buonita-con-hierba-_150dpi.jpg?resize=480%2C640&amp;ssl=1 480w, https:\/\/i0.wp.com\/www.tenueve.com\/wp-content\/uploads\/2017\/10\/S0348550-C45-con-piscina-buonita-con-hierba-_150dpi.jpg?resize=500%2C667&amp;ssl=1 500w, https:\/\/i0.wp.com\/www.tenueve.com\/wp-content\/uploads\/2017\/10\/S0348550-C45-con-piscina-buonita-con-hierba-_150dpi.jpg?resize=1920%2C2560&amp;ssl=1 1920w, https:\/\/i0.wp.com\/www.tenueve.com\/wp-content\/uploads\/2017\/10\/S0348550-C45-con-piscina-buonita-con-hierba-_150dpi.jpg?resize=750%2C1000&amp;ssl=1 750w, https:\/\/i0.wp.com\/www.tenueve.com\/wp-content\/uploads\/2017\/10\/S0348550-C45-con-piscina-buonita-con-hierba-_150dpi.jpg?resize=360%2C480&amp;ssl=1 360w, https:\/\/i0.wp.com\/www.tenueve.com\/wp-content\/uploads\/2017\/10\/S0348550-C45-con-piscina-buonita-con-hierba-_150dpi.jpg?w=2280&amp;ssl=1 2280w\" sizes=\"(max-width: 1140px) 100vw, 1140px\" data-recalc-dims=\"1\" \/><\/a><\/h1>\n<p>Terrazas del Nuevo Vedado \/ Casa Marlene with swimming pool<\/p>\n<h1><strong>Welcome to our Casa Particular in Havana, Cuba.<\/strong><\/h1>\n<p><strong>Just one block from <span style=\"color: #ff0000;\">Viaz\u00fal<\/span>, the national bus terminal, 20 minutes from the Airport Jos\u00e9 Mart\u00ed, in the middle of the town, ready for your adventures.<\/strong><\/p>\n<p><a href=\"https:\/\/i2.wp.com\/www.tenueve.com\/wp-content\/uploads\/2018\/03\/Flag-CU.png?ssl=1\"><img loading=\"lazy\" decoding=\"async\" data-attachment-id=\"1795\" data-permalink=\"https:\/\/www.tenueve.com\/it\/home-1\/attachment\/flag-cu\/\" data-orig-file=\"https:\/\/i2.wp.com\/www.tenueve.com\/wp-content\/uploads\/2018\/03\/Flag-CU.png?fit=580%2C290&amp;ssl=1\" data-orig-size=\"580,290\" data-comments-opened=\"1\" data-image-meta=\"{&quot;aperture&quot;:&quot;0&quot;,&quot;credit&quot;:&quot;&quot;,&quot;camera&quot;:&quot;&quot;,&quot;caption&quot;:&quot;&quot;,&quot;created_timestamp&quot;:&quot;0&quot;,&quot;copyright&quot;:&quot;&quot;,&quot;focal_length&quot;:&quot;0&quot;,&quot;iso&quot;:&quot;0&quot;,&quot;shutter_speed&quot;:&quot;0&quot;,&quot;title&quot;:&quot;&quot;,&quot;orientation&quot;:&quot;0&quot;}\" data-image-title=\"Flag CU\" data-image-description=\"\" data-medium-file=\"https:\/\/i2.wp.com\/www.tenueve.com\/wp-content\/uploads\/2018\/03\/Flag-CU.png?fit=300%2C150&amp;ssl=1\" data-large-file=\"https:\/\/i2.wp.com\/www.tenueve.com\/wp-content\/uploads\/2018\/03\/Flag-CU.png?fit=580%2C290&amp;ssl=1\" class=\"alignnone wp-image-1795\" src=\"https:\/\/i2.wp.com\/www.tenueve.com\/wp-content\/uploads\/2018\/03\/Flag-CU.png?resize=198%2C99&#038;ssl=1\" alt=\"\" width=\"198\" height=\"99\" srcset=\"https:\/\/i2.wp.com\/www.tenueve.com\/wp-content\/uploads\/2018\/03\/Flag-CU.png?w=580&amp;ssl=1 580w, https:\/\/i2.wp.com\/www.tenueve.com\/wp-content\/uploads\/2018\/03\/Flag-CU.png?resize=300%2C150&amp;ssl=1 300w, https:\/\/i2.wp.com\/www.tenueve.com\/wp-content\/uploads\/2018\/03\/Flag-CU.png?resize=380%2C190&amp;ssl=1 380w, https:\/\/i2.wp.com\/www.tenueve.com\/wp-content\/uploads\/2018\/03\/Flag-CU.png?resize=255%2C128&amp;ssl=1 255w, https:\/\/i2.wp.com\/www.tenueve.com\/wp-content\/uploads\/2018\/03\/Flag-CU.png?resize=160%2C80&amp;ssl=1 160w, https:\/\/i2.wp.com\/www.tenueve.com\/wp-content\/uploads\/2018\/03\/Flag-CU.png?resize=80%2C40&amp;ssl=1 80w, https:\/\/i2.wp.com\/www.tenueve.com\/wp-content\/uploads\/2018\/03\/Flag-CU.png?resize=480%2C240&amp;ssl=1 480w, https:\/\/i2.wp.com\/www.tenueve.com\/wp-content\/uploads\/2018\/03\/Flag-CU.png?resize=500%2C250&amp;ssl=1 500w, https:\/\/i2.wp.com\/www.tenueve.com\/wp-content\/uploads\/2018\/03\/Flag-CU.png?resize=360%2C180&amp;ssl=1 360w\" sizes=\"(max-width: 198px) 100vw, 198px\" data-recalc-dims=\"1\" \/><\/a>\u00a0\u00a0\u00a0\u00a0 <a href=\"https:\/\/i2.wp.com\/www.tenueve.com\/wp-content\/uploads\/2018\/03\/Flag-CH.png?ssl=1\"><img loading=\"lazy\" decoding=\"async\" data-attachment-id=\"1794\" data-permalink=\"https:\/\/www.tenueve.com\/it\/home-1\/attachment\/flag-ch\/\" data-orig-file=\"https:\/\/i2.wp.com\/www.tenueve.com\/wp-content\/uploads\/2018\/03\/Flag-CH.png?fit=580%2C580&amp;ssl=1\" data-orig-size=\"580,580\" data-comments-opened=\"1\" data-image-meta=\"{&quot;aperture&quot;:&quot;0&quot;,&quot;credit&quot;:&quot;&quot;,&quot;camera&quot;:&quot;&quot;,&quot;caption&quot;:&quot;&quot;,&quot;created_timestamp&quot;:&quot;0&quot;,&quot;copyright&quot;:&quot;&quot;,&quot;focal_length&quot;:&quot;0&quot;,&quot;iso&quot;:&quot;0&quot;,&quot;shutter_speed&quot;:&quot;0&quot;,&quot;title&quot;:&quot;&quot;,&quot;orientation&quot;:&quot;0&quot;}\" data-image-title=\"Flag CH\" data-image-description=\"\" data-medium-file=\"https:\/\/i2.wp.com\/www.tenueve.com\/wp-content\/uploads\/2018\/03\/Flag-CH.png?fit=300%2C300&amp;ssl=1\" data-large-file=\"https:\/\/i2.wp.com\/www.tenueve.com\/wp-content\/uploads\/2018\/03\/Flag-CH.png?fit=580%2C580&amp;ssl=1\" class=\"alignnone wp-image-1794\" src=\"https:\/\/i2.wp.com\/www.tenueve.com\/wp-content\/uploads\/2018\/03\/Flag-CH.png?resize=100%2C100&#038;ssl=1\" alt=\"\" width=\"100\" height=\"100\" srcset=\"https:\/\/i2.wp.com\/www.tenueve.com\/wp-content\/uploads\/2018\/03\/Flag-CH.png?w=580&amp;ssl=1 580w, https:\/\/i2.wp.com\/www.tenueve.com\/wp-content\/uploads\/2018\/03\/Flag-CH.png?resize=150%2C150&amp;ssl=1 150w, https:\/\/i2.wp.com\/www.tenueve.com\/wp-content\/uploads\/2018\/03\/Flag-CH.png?resize=300%2C300&amp;ssl=1 300w, https:\/\/i2.wp.com\/www.tenueve.com\/wp-content\/uploads\/2018\/03\/Flag-CH.png?resize=190%2C190&amp;ssl=1 190w, https:\/\/i2.wp.com\/www.tenueve.com\/wp-content\/uploads\/2018\/03\/Flag-CH.png?resize=255%2C255&amp;ssl=1 255w, https:\/\/i2.wp.com\/www.tenueve.com\/wp-content\/uploads\/2018\/03\/Flag-CH.png?resize=80%2C80&amp;ssl=1 80w, https:\/\/i2.wp.com\/www.tenueve.com\/wp-content\/uploads\/2018\/03\/Flag-CH.png?resize=40%2C40&amp;ssl=1 40w, https:\/\/i2.wp.com\/www.tenueve.com\/wp-content\/uploads\/2018\/03\/Flag-CH.png?resize=60%2C60&amp;ssl=1 60w, https:\/\/i2.wp.com\/www.tenueve.com\/wp-content\/uploads\/2018\/03\/Flag-CH.png?resize=480%2C480&amp;ssl=1 480w, https:\/\/i2.wp.com\/www.tenueve.com\/wp-content\/uploads\/2018\/03\/Flag-CH.png?resize=500%2C500&amp;ssl=1 500w, https:\/\/i2.wp.com\/www.tenueve.com\/wp-content\/uploads\/2018\/03\/Flag-CH.png?resize=360%2C360&amp;ssl=1 360w, https:\/\/i2.wp.com\/www.tenueve.com\/wp-content\/uploads\/2018\/03\/Flag-CH.png?resize=380%2C380&amp;ssl=1 380w, https:\/\/i2.wp.com\/www.tenueve.com\/wp-content\/uploads\/2018\/03\/Flag-CH.png?resize=100%2C100&amp;ssl=1 100w\" sizes=\"(max-width: 100px) 100vw, 100px\" data-recalc-dims=\"1\" \/><\/a><\/p>\n<p>As Cuban and\u00a0Swiss hosts we have a good sense what you need when you come to this country. We can help you with different languages (also German, French or Italian,. &#8230;)<\/p>\n<p>We are successful hosts on Airbnb. Please look here for availability or write us an <a href=\"mailto:casamarlene@tenueve.com\">e-mail<\/a>:<\/p>\n<ul>\n<li><a href=\"https:\/\/www.airbnb.com\/rooms\/18263368\">https:\/\/www.airbnb.com\/rooms\/18263368<\/a><\/li>\n<li><a href=\"https:\/\/www.airbnb.com\/rooms\/18248290\">https:\/\/www.airbnb.com\/rooms\/18248290<\/a><\/li>\n<li><a href=\"https:\/\/www.airbnb.com\/rooms\/18262507\">https:\/\/www.airbnb.com\/rooms\/18262507<\/a><\/li>\n<li><a href=\"https:\/\/www.airbnb.com\/rooms\/20015477\">https:\/\/www.airbnb.com\/rooms\/20015477<\/a><\/li>\n<li><a href=\"https:\/\/www.airbnb.com\/rooms\/20016513\">https:\/\/www.airbnb.com\/rooms\/20016513<\/a><\/li>\n<li><a href=\"https:\/\/www.airbnb.com\/rooms\/17419842\">https:\/\/www.airbnb.com\/rooms\/17419842<\/a><\/li>\n<li><a href=\"https:\/\/www.airbnb.com\/rooms\/5874449\">https:\/\/www.airbnb.com\/rooms\/5874449<\/a><\/li>\n<li><a href=\"https:\/\/www.airbnb.com\/rooms\/6194697\">https:\/\/www.airbnb.com\/rooms\/6194697<\/a><\/li>\n<\/ul>\n<p>We would like to host you.\u00a0Thanks and see you soon at our house in Havana.<\/p>\n<p>Marlene, Michel, Adry, Fabio<\/p>\n<p>&nbsp;<\/p>\n<p><strong>P.S. We are rebuilding this website for our house.<\/strong><\/p>","protected":false},"excerpt":{"rendered":"<p>Terrazas del Nuevo Vedado \/ Casa Marlene with swimming pool Welcome to our Casa Particular in Havana, Cuba. Just one block from Viaz\u00fal, the national bus terminal, 20 minutes from the Airport Jos\u00e9 Mart\u00ed, in the middle of the town, &hellip; <a href=\"https:\/\/www.tenueve.com\/it\/\">Read More<\/a><\/p>\n","protected":false},"author":3,"featured_media":1416,"parent":0,"menu_order":1,"comment_status":"closed","ping_status":"closed","template":"","meta":{"sharing_disabled":false,"spay_email":"","footnotes":""},"_links":{"self":[{"href":"https:\/\/www.tenueve.com\/it\/wp-json\/wp\/v2\/pages\/7"}],"collection":[{"href":"https:\/\/www.tenueve.com\/it\/wp-json\/wp\/v2\/pages"}],"about":[{"href":"https:\/\/www.tenueve.com\/it\/wp-json\/wp\/v2\/types\/page"}],"author":[{"embeddable":true,"href":"https:\/\/www.tenueve.com\/it\/wp-json\/wp\/v2\/users\/3"}],"replies":[{"embeddable":true,"href":"https:\/\/www.tenueve.com\/it\/wp-json\/wp\/v2\/comments?post=7"}],"version-history":[{"count":39,"href":"https:\/\/www.tenueve.com\/it\/wp-json\/wp\/v2\/pages\/7\/revisions"}],"predecessor-version":[{"id":1809,"href":"https:\/\/www.tenueve.com\/it\/wp-json\/wp\/v2\/pages\/7\/revisions\/1809"}],"wp:featuredmedia":[{"embeddable":true,"href":"https:\/\/www.tenueve.com\/it\/wp-json\/wp\/v2\/media\/1416"}],"wp:attachment":[{"href":"https:\/\/www.tenueve.com\/it\/wp-json\/wp\/v2\/media?parent=7"}],"curies":[{"name":"wp","href":"https:\/\/api.w.org\/{rel}","templated":true}]}}