{"id":296,"date":"2015-07-09T23:31:29","date_gmt":"2015-07-09T23:31:29","guid":{"rendered":"http:\/\/import.themovation.com\/bellevue\/chalet\/?page_id=296"},"modified":"2018-03-18T19:30:46","modified_gmt":"2018-03-19T00:30:46","slug":"why-us","status":"publish","type":"page","link":"https:\/\/www.tenueve.com\/fr\/why-us\/","title":{"rendered":"Pourquoi avec nous?"},"content":{"rendered":"<p><strong>Avec la famille<\/strong><\/p>\n<p>Nous sommes une famille cubano-suisse avec deux enfants.\u00a0Michel est n\u00e9 en Suisse et parle plusieurs langues. Il sait ce dont les invit\u00e9s d&rsquo;autres pays ont besoin et ce qu&rsquo;ils appr\u00e9cient.\u00a0Il peut vous aider \u00e0 d\u00e9marrer \u00e0 Cuba et se sentir \u00e0 l&rsquo;aise d\u00e8s votre arriv\u00e9e de l&rsquo;a\u00e9roport.<\/p>\n<p><strong>Rapide de ou vers l&rsquo;a\u00e9roport<\/strong><\/p>\n<p>Vous serez l\u00e0 en 20 minutes &#8211; dans le centre de la ville.<\/p>\n<p><strong>Acc\u00e8s facile \u00e0 d&rsquo;autres villes de Cuba<\/strong><\/p>\n<p>La gare routi\u00e8re nationale Viaz\u00fal est \u00e0 seulement 3 minutes. Vous \u00eates donc les mieux plac\u00e9s pour prendre un bus national vers d&rsquo;autres endroits comme Trinidad, Vi\u00f1ales, Varadero, Las Terrazas, Santa Clara, Matanzas. M\u00eame si vous ne recevez plus de billets, nous connaissons la solution.<\/p>\n<p><strong>Environnement historique<\/strong><\/p>\n<p>Notre maison est situ\u00e9e au milieu de la ville dans un quartier plein d&rsquo;histoire. Au cours d&rsquo;une promenade, vous pourrez visiter des curiosit\u00e9s importantes et magnifiques: La Plaza de la Revoluci\u00f3n, le cimeti\u00e8re Col\u00f3n, le Parque Almendares, le Parque Almendares, la Ciudad Deportiva, l&rsquo;Est\u00e1dio Latinamericano, &#8230;<\/p>\n<p><strong>Vie nocturne \u00e0 proximit\u00e9<\/strong><\/p>\n<p>A proximit\u00e9 se trouvent la c\u00e9l\u00e8bre Casa de la M\u00fasica, El Diablo Tun, la r\u00e9nomm\u00e9e F\u00e1brica de Arte (FAC), les bo\u00eetes de nuit Barbaram, Fresa y Chocolate, le Cinemateca Nacional, les Discoth\u00e8ques en plein air 1830 et El Ch\u00e9vere.<\/p>\n<p><strong>Obtenir l&rsquo;information &#8211; \u00e9ventuellement dans votre langue<\/strong><\/p>\n<p>Vous recevrez les informations dont vous avez besoin pour explorer cette belle et excitante ville ou poursuivre votre voyage \u00e0 d&rsquo;autre coins de Cuba. Si vous parlez avec nous, vous serez mieux inform\u00e9s sur ce qu&rsquo;est Cuba.<\/p>\n<p><strong>Passez la nuit tranquille<\/strong><\/p>\n<p>La Havane est connue pour son bruit de jour comme de nuit. Ce n&rsquo;est pas le cas dans notre maison, o\u00f9 vous pouvez vous reposer et dormir paisiblement. \u00c0 quelques petites exceptions pr\u00e8s, bien s\u00fbr, parce que les voisins doivent aussi c\u00e9l\u00e9brer une f\u00eate et parfois une vielle voiture se perd dans notre quartier.<\/p>\n<p><strong>Bien-\u00eatre<\/strong><\/p>\n<p>Nous aimerions que vous soyez ici, ausi pour plusieurs jours. Ou que vous revenez avant le d\u00e9part \u00e0 votre pays. Vous pouvez boire votre mojito et savourer une excellente cuisine pr\u00e9par\u00e9e par notre fille Adrianelys, une cuisini\u00e8re professionnelle. Le matin, vous pouvez prendre un petit d\u00e9jeuner copieux avec du pain fait maison, des fruits, du caf\u00e9, du fromage, du jus, des \u0153ufs, de la viande, etc. Vous aurez un bon d\u00e9part pour passer une journ\u00e9e excitante.<\/p>","protected":false},"excerpt":{"rendered":"<p>Avec la famille Nous sommes une famille cubano-suisse avec deux enfants.\u00a0Michel est n\u00e9 en Suisse et parle plusieurs langues. Il sait ce dont les invit\u00e9s d&rsquo;autres pays ont besoin et ce qu&rsquo;ils appr\u00e9cient.\u00a0Il peut vous aider \u00e0 d\u00e9marrer \u00e0 Cuba &hellip; <a href=\"https:\/\/www.tenueve.com\/fr\/why-us\/\">Read More<\/a><\/p>\n","protected":false},"author":2,"featured_media":0,"parent":0,"menu_order":28,"comment_status":"closed","ping_status":"closed","template":"","meta":{"sharing_disabled":false,"spay_email":"","footnotes":""},"_links":{"self":[{"href":"https:\/\/www.tenueve.com\/fr\/wp-json\/wp\/v2\/pages\/296"}],"collection":[{"href":"https:\/\/www.tenueve.com\/fr\/wp-json\/wp\/v2\/pages"}],"about":[{"href":"https:\/\/www.tenueve.com\/fr\/wp-json\/wp\/v2\/types\/page"}],"author":[{"embeddable":true,"href":"https:\/\/www.tenueve.com\/fr\/wp-json\/wp\/v2\/users\/2"}],"replies":[{"embeddable":true,"href":"https:\/\/www.tenueve.com\/fr\/wp-json\/wp\/v2\/comments?post=296"}],"version-history":[{"count":6,"href":"https:\/\/www.tenueve.com\/fr\/wp-json\/wp\/v2\/pages\/296\/revisions"}],"predecessor-version":[{"id":1825,"href":"https:\/\/www.tenueve.com\/fr\/wp-json\/wp\/v2\/pages\/296\/revisions\/1825"}],"wp:attachment":[{"href":"https:\/\/www.tenueve.com\/fr\/wp-json\/wp\/v2\/media?parent=296"}],"curies":[{"name":"wp","href":"https:\/\/api.w.org\/{rel}","templated":true}]}}