{"id":1104,"date":"2015-06-28T05:22:39","date_gmt":"2015-06-28T05:22:39","guid":{"rendered":"http:\/\/import.themovation.com\/bellevue\/chalet\/?page_id=119"},"modified":"2018-02-13T11:26:23","modified_gmt":"2018-02-13T07:26:23","slug":"explore","status":"publish","type":"page","link":"https:\/\/www.tenueve.com\/fr\/explore\/","title":{"rendered":"D\u00e9couvrir les environs"},"content":{"rendered":"<p>Vous pouvez visiter un grand nombre d&rsquo;endroits magnifiques et \u00e9tonnants \u00e0 distance de marche. D\u00e9couvrez leur grande histoire qui fait de Cuba ce qu&rsquo;elle est.\u00a0Approfondissez vos connaissances! \u00c7a en vaut la peine.<\/p>\n<p>Nous pouvons vous aider avec des informations, des id\u00e9es et, si n\u00e9cessaire, des visites guid\u00e9es.<\/p>","protected":false},"excerpt":{"rendered":"<p>Vous pouvez visiter un grand nombre d&rsquo;endroits magnifiques et \u00e9tonnants \u00e0 distance de marche. D\u00e9couvrez leur grande histoire qui fait de Cuba ce qu&rsquo;elle est.\u00a0Approfondissez vos connaissances! \u00c7a en vaut la peine. Nous pouvons vous aider avec des informations, des &hellip; <a href=\"https:\/\/www.tenueve.com\/fr\/explore\/\">Read More<\/a><\/p>\n","protected":false},"author":2,"featured_media":0,"parent":0,"menu_order":2,"comment_status":"closed","ping_status":"closed","template":"","meta":{"sharing_disabled":false,"spay_email":"","footnotes":""},"_links":{"self":[{"href":"https:\/\/www.tenueve.com\/fr\/wp-json\/wp\/v2\/pages\/1104"}],"collection":[{"href":"https:\/\/www.tenueve.com\/fr\/wp-json\/wp\/v2\/pages"}],"about":[{"href":"https:\/\/www.tenueve.com\/fr\/wp-json\/wp\/v2\/types\/page"}],"author":[{"embeddable":true,"href":"https:\/\/www.tenueve.com\/fr\/wp-json\/wp\/v2\/users\/2"}],"replies":[{"embeddable":true,"href":"https:\/\/www.tenueve.com\/fr\/wp-json\/wp\/v2\/comments?post=1104"}],"version-history":[{"count":2,"href":"https:\/\/www.tenueve.com\/fr\/wp-json\/wp\/v2\/pages\/1104\/revisions"}],"predecessor-version":[{"id":1520,"href":"https:\/\/www.tenueve.com\/fr\/wp-json\/wp\/v2\/pages\/1104\/revisions\/1520"}],"wp:attachment":[{"href":"https:\/\/www.tenueve.com\/fr\/wp-json\/wp\/v2\/media?parent=1104"}],"curies":[{"name":"wp","href":"https:\/\/api.w.org\/{rel}","templated":true}]}}