{"id":177,"date":"2015-06-29T03:37:58","date_gmt":"2015-06-29T03:37:58","guid":{"rendered":"http:\/\/import.themovation.com\/bellevue\/chalet\/?page_id=177"},"modified":"2018-03-18T19:29:30","modified_gmt":"2018-03-19T00:29:30","slug":"suggestions-to-explore_cuba","status":"publish","type":"page","link":"https:\/\/www.tenueve.com\/es\/suggestions-to-explore_cuba\/","title":{"rendered":"Packages and Specials"},"content":{"rendered":"<p class=\"qtranxs-available-languages-message qtranxs-available-languages-message-es\">Disculpa, pero esta entrada est\u00e1 disponible s\u00f3lo en <a href=\"https:\/\/www.tenueve.com\/en\/wp-json\/wp\/v2\/pages\/177\" class=\"qtranxs-available-language-link qtranxs-available-language-link-en\" title=\"English\">Ingl\u00e9s Estadounidense<\/a> y <a href=\"https:\/\/www.tenueve.com\/pt\/wp-json\/wp\/v2\/pages\/177\" class=\"qtranxs-available-language-link qtranxs-available-language-link-pt\" title=\"Portugu\u00eas\">Portugu\u00e9s De Portugal<\/a>. For the sake of viewer convenience, the content is shown below in this site default language. You may click one of the links to switch the site language to another available language.<\/p><p><\/p>\n<h1>Suggestions to explore Cuba as it is<\/h1>\n<p>We offer you interesting suggestions for you that are not on the large trail of mainstream touristic events.<\/p>\n<p>&nbsp;<\/p>\n<p>&nbsp;<\/p>","protected":false},"excerpt":{"rendered":"<p>Disculpa, pero esta entrada est\u00e1 disponible s\u00f3lo en Ingl\u00e9s Estadounidense y Portugu\u00e9s De Portugal. For the sake of viewer convenience, the content is shown below in this site default language. You may click one of the links to switch the &hellip; <a href=\"https:\/\/www.tenueve.com\/es\/suggestions-to-explore_cuba\/\">Read More<\/a><\/p>\n","protected":false},"author":2,"featured_media":0,"parent":0,"menu_order":20,"comment_status":"closed","ping_status":"closed","template":"","meta":{"sharing_disabled":false,"spay_email":"","footnotes":""},"_links":{"self":[{"href":"https:\/\/www.tenueve.com\/es\/wp-json\/wp\/v2\/pages\/177"}],"collection":[{"href":"https:\/\/www.tenueve.com\/es\/wp-json\/wp\/v2\/pages"}],"about":[{"href":"https:\/\/www.tenueve.com\/es\/wp-json\/wp\/v2\/types\/page"}],"author":[{"embeddable":true,"href":"https:\/\/www.tenueve.com\/es\/wp-json\/wp\/v2\/users\/2"}],"replies":[{"embeddable":true,"href":"https:\/\/www.tenueve.com\/es\/wp-json\/wp\/v2\/comments?post=177"}],"version-history":[{"count":5,"href":"https:\/\/www.tenueve.com\/es\/wp-json\/wp\/v2\/pages\/177\/revisions"}],"predecessor-version":[{"id":1824,"href":"https:\/\/www.tenueve.com\/es\/wp-json\/wp\/v2\/pages\/177\/revisions\/1824"}],"wp:attachment":[{"href":"https:\/\/www.tenueve.com\/es\/wp-json\/wp\/v2\/media?parent=177"}],"curies":[{"name":"wp","href":"https:\/\/api.w.org\/{rel}","templated":true}]}}