{"id":7,"date":"2017-02-17T18:14:37","date_gmt":"2017-02-17T23:14:37","guid":{"rendered":"http:\/\/import.themovation.com\/bellevue\/chalet\/home-1\/"},"modified":"2018-03-14T22:56:09","modified_gmt":"2018-03-15T03:56:09","slug":"home-1","status":"publish","type":"page","link":"https:\/\/www.tenueve.com\/de\/","title":{"rendered":"Home"},"content":{"rendered":"<p><a style=\"font-size: 16px;\" href=\"https:\/\/i0.wp.com\/www.tenueve.com\/wp-content\/uploads\/2017\/10\/S0348550-C45-con-piscina-buonita-con-hierba-_150dpi.jpg?ssl=1\"><img loading=\"lazy\" decoding=\"async\" class=\"wp-image-1213 size-full aligncenter\" src=\"https:\/\/i0.wp.com\/www.tenueve.com\/wp-content\/uploads\/2017\/10\/S0348550-C45-con-piscina-buonita-con-hierba-_150dpi.jpg?resize=1140%2C1520&#038;ssl=1\" alt=\"\" width=\"1140\" height=\"1520\" srcset=\"https:\/\/i0.wp.com\/www.tenueve.com\/wp-content\/uploads\/2017\/10\/S0348550-C45-con-piscina-buonita-con-hierba-_150dpi.jpg?w=2918&amp;ssl=1 2918w, https:\/\/i0.wp.com\/www.tenueve.com\/wp-content\/uploads\/2017\/10\/S0348550-C45-con-piscina-buonita-con-hierba-_150dpi.jpg?resize=600%2C800&amp;ssl=1 600w, https:\/\/i0.wp.com\/www.tenueve.com\/wp-content\/uploads\/2017\/10\/S0348550-C45-con-piscina-buonita-con-hierba-_150dpi.jpg?resize=225%2C300&amp;ssl=1 225w, https:\/\/i0.wp.com\/www.tenueve.com\/wp-content\/uploads\/2017\/10\/S0348550-C45-con-piscina-buonita-con-hierba-_150dpi.jpg?resize=768%2C1024&amp;ssl=1 768w, https:\/\/i0.wp.com\/www.tenueve.com\/wp-content\/uploads\/2017\/10\/S0348550-C45-con-piscina-buonita-con-hierba-_150dpi.jpg?resize=142%2C190&amp;ssl=1 142w, https:\/\/i0.wp.com\/www.tenueve.com\/wp-content\/uploads\/2017\/10\/S0348550-C45-con-piscina-buonita-con-hierba-_150dpi.jpg?resize=675%2C900&amp;ssl=1 675w, https:\/\/i0.wp.com\/www.tenueve.com\/wp-content\/uploads\/2017\/10\/S0348550-C45-con-piscina-buonita-con-hierba-_150dpi.jpg?resize=255%2C340&amp;ssl=1 255w, https:\/\/i0.wp.com\/www.tenueve.com\/wp-content\/uploads\/2017\/10\/S0348550-C45-con-piscina-buonita-con-hierba-_150dpi.jpg?resize=60%2C80&amp;ssl=1 60w, https:\/\/i0.wp.com\/www.tenueve.com\/wp-content\/uploads\/2017\/10\/S0348550-C45-con-piscina-buonita-con-hierba-_150dpi.jpg?resize=30%2C40&amp;ssl=1 30w, https:\/\/i0.wp.com\/www.tenueve.com\/wp-content\/uploads\/2017\/10\/S0348550-C45-con-piscina-buonita-con-hierba-_150dpi.jpg?resize=480%2C640&amp;ssl=1 480w, https:\/\/i0.wp.com\/www.tenueve.com\/wp-content\/uploads\/2017\/10\/S0348550-C45-con-piscina-buonita-con-hierba-_150dpi.jpg?resize=500%2C667&amp;ssl=1 500w, https:\/\/i0.wp.com\/www.tenueve.com\/wp-content\/uploads\/2017\/10\/S0348550-C45-con-piscina-buonita-con-hierba-_150dpi.jpg?resize=1920%2C2560&amp;ssl=1 1920w, https:\/\/i0.wp.com\/www.tenueve.com\/wp-content\/uploads\/2017\/10\/S0348550-C45-con-piscina-buonita-con-hierba-_150dpi.jpg?resize=750%2C1000&amp;ssl=1 750w, https:\/\/i0.wp.com\/www.tenueve.com\/wp-content\/uploads\/2017\/10\/S0348550-C45-con-piscina-buonita-con-hierba-_150dpi.jpg?resize=360%2C480&amp;ssl=1 360w, https:\/\/i0.wp.com\/www.tenueve.com\/wp-content\/uploads\/2017\/10\/S0348550-C45-con-piscina-buonita-con-hierba-_150dpi.jpg?w=2280&amp;ssl=1 2280w\" sizes=\"(max-width: 1140px) 100vw, 1140px\" data-recalc-dims=\"1\" \/><\/a>Terrazas del Nuevo Vedado \/ Casa Marlene mit Swimmingpool<\/p>\n<h2>Willkommen in unserer Casa Particular in Havanna, Kuba.<\/h2>\n<p>N<strong>ur einen Block von <span style=\"color: #ff6600;\">Viaz\u00fal<\/span> (nationaler Busbahnhof) entfernt, 20 Minuten vom Flughafen Jos\u00e9 Mart\u00ed, mitten in der Stadt, bereit f\u00fcr jede Art von Abenteuer.<\/strong><\/p>\n<p><a href=\"https:\/\/i2.wp.com\/www.tenueve.com\/wp-content\/uploads\/2018\/03\/Flag-CU.png?ssl=1\"><img loading=\"lazy\" decoding=\"async\" data-attachment-id=\"1795\" data-permalink=\"https:\/\/www.tenueve.com\/de\/home-1\/attachment\/flag-cu\/\" data-orig-file=\"https:\/\/i2.wp.com\/www.tenueve.com\/wp-content\/uploads\/2018\/03\/Flag-CU.png?fit=580%2C290&amp;ssl=1\" data-orig-size=\"580,290\" data-comments-opened=\"1\" data-image-meta=\"{&quot;aperture&quot;:&quot;0&quot;,&quot;credit&quot;:&quot;&quot;,&quot;camera&quot;:&quot;&quot;,&quot;caption&quot;:&quot;&quot;,&quot;created_timestamp&quot;:&quot;0&quot;,&quot;copyright&quot;:&quot;&quot;,&quot;focal_length&quot;:&quot;0&quot;,&quot;iso&quot;:&quot;0&quot;,&quot;shutter_speed&quot;:&quot;0&quot;,&quot;title&quot;:&quot;&quot;,&quot;orientation&quot;:&quot;0&quot;}\" data-image-title=\"Flag CU\" data-image-description=\"\" data-medium-file=\"https:\/\/i2.wp.com\/www.tenueve.com\/wp-content\/uploads\/2018\/03\/Flag-CU.png?fit=300%2C150&amp;ssl=1\" data-large-file=\"https:\/\/i2.wp.com\/www.tenueve.com\/wp-content\/uploads\/2018\/03\/Flag-CU.png?fit=580%2C290&amp;ssl=1\" class=\"alignnone wp-image-1795\" src=\"https:\/\/i2.wp.com\/www.tenueve.com\/wp-content\/uploads\/2018\/03\/Flag-CU.png?resize=198%2C99&#038;ssl=1\" alt=\"\" width=\"198\" height=\"99\" srcset=\"https:\/\/i2.wp.com\/www.tenueve.com\/wp-content\/uploads\/2018\/03\/Flag-CU.png?w=580&amp;ssl=1 580w, https:\/\/i2.wp.com\/www.tenueve.com\/wp-content\/uploads\/2018\/03\/Flag-CU.png?resize=300%2C150&amp;ssl=1 300w, https:\/\/i2.wp.com\/www.tenueve.com\/wp-content\/uploads\/2018\/03\/Flag-CU.png?resize=380%2C190&amp;ssl=1 380w, https:\/\/i2.wp.com\/www.tenueve.com\/wp-content\/uploads\/2018\/03\/Flag-CU.png?resize=255%2C128&amp;ssl=1 255w, https:\/\/i2.wp.com\/www.tenueve.com\/wp-content\/uploads\/2018\/03\/Flag-CU.png?resize=160%2C80&amp;ssl=1 160w, https:\/\/i2.wp.com\/www.tenueve.com\/wp-content\/uploads\/2018\/03\/Flag-CU.png?resize=80%2C40&amp;ssl=1 80w, https:\/\/i2.wp.com\/www.tenueve.com\/wp-content\/uploads\/2018\/03\/Flag-CU.png?resize=480%2C240&amp;ssl=1 480w, https:\/\/i2.wp.com\/www.tenueve.com\/wp-content\/uploads\/2018\/03\/Flag-CU.png?resize=500%2C250&amp;ssl=1 500w, https:\/\/i2.wp.com\/www.tenueve.com\/wp-content\/uploads\/2018\/03\/Flag-CU.png?resize=360%2C180&amp;ssl=1 360w\" sizes=\"(max-width: 198px) 100vw, 198px\" data-recalc-dims=\"1\" \/><\/a>\u00a0\u00a0\u00a0\u00a0 <a href=\"https:\/\/i2.wp.com\/www.tenueve.com\/wp-content\/uploads\/2018\/03\/Flag-CH.png?ssl=1\"><img loading=\"lazy\" decoding=\"async\" data-attachment-id=\"1794\" data-permalink=\"https:\/\/www.tenueve.com\/de\/home-1\/attachment\/flag-ch\/\" data-orig-file=\"https:\/\/i2.wp.com\/www.tenueve.com\/wp-content\/uploads\/2018\/03\/Flag-CH.png?fit=580%2C580&amp;ssl=1\" data-orig-size=\"580,580\" data-comments-opened=\"1\" data-image-meta=\"{&quot;aperture&quot;:&quot;0&quot;,&quot;credit&quot;:&quot;&quot;,&quot;camera&quot;:&quot;&quot;,&quot;caption&quot;:&quot;&quot;,&quot;created_timestamp&quot;:&quot;0&quot;,&quot;copyright&quot;:&quot;&quot;,&quot;focal_length&quot;:&quot;0&quot;,&quot;iso&quot;:&quot;0&quot;,&quot;shutter_speed&quot;:&quot;0&quot;,&quot;title&quot;:&quot;&quot;,&quot;orientation&quot;:&quot;0&quot;}\" data-image-title=\"Flag CH\" data-image-description=\"\" data-medium-file=\"https:\/\/i2.wp.com\/www.tenueve.com\/wp-content\/uploads\/2018\/03\/Flag-CH.png?fit=300%2C300&amp;ssl=1\" data-large-file=\"https:\/\/i2.wp.com\/www.tenueve.com\/wp-content\/uploads\/2018\/03\/Flag-CH.png?fit=580%2C580&amp;ssl=1\" class=\"alignnone wp-image-1794\" src=\"https:\/\/i2.wp.com\/www.tenueve.com\/wp-content\/uploads\/2018\/03\/Flag-CH.png?resize=100%2C100&#038;ssl=1\" alt=\"\" width=\"100\" height=\"100\" srcset=\"https:\/\/i2.wp.com\/www.tenueve.com\/wp-content\/uploads\/2018\/03\/Flag-CH.png?w=580&amp;ssl=1 580w, https:\/\/i2.wp.com\/www.tenueve.com\/wp-content\/uploads\/2018\/03\/Flag-CH.png?resize=150%2C150&amp;ssl=1 150w, https:\/\/i2.wp.com\/www.tenueve.com\/wp-content\/uploads\/2018\/03\/Flag-CH.png?resize=300%2C300&amp;ssl=1 300w, https:\/\/i2.wp.com\/www.tenueve.com\/wp-content\/uploads\/2018\/03\/Flag-CH.png?resize=190%2C190&amp;ssl=1 190w, https:\/\/i2.wp.com\/www.tenueve.com\/wp-content\/uploads\/2018\/03\/Flag-CH.png?resize=255%2C255&amp;ssl=1 255w, https:\/\/i2.wp.com\/www.tenueve.com\/wp-content\/uploads\/2018\/03\/Flag-CH.png?resize=80%2C80&amp;ssl=1 80w, https:\/\/i2.wp.com\/www.tenueve.com\/wp-content\/uploads\/2018\/03\/Flag-CH.png?resize=40%2C40&amp;ssl=1 40w, https:\/\/i2.wp.com\/www.tenueve.com\/wp-content\/uploads\/2018\/03\/Flag-CH.png?resize=60%2C60&amp;ssl=1 60w, https:\/\/i2.wp.com\/www.tenueve.com\/wp-content\/uploads\/2018\/03\/Flag-CH.png?resize=480%2C480&amp;ssl=1 480w, https:\/\/i2.wp.com\/www.tenueve.com\/wp-content\/uploads\/2018\/03\/Flag-CH.png?resize=500%2C500&amp;ssl=1 500w, https:\/\/i2.wp.com\/www.tenueve.com\/wp-content\/uploads\/2018\/03\/Flag-CH.png?resize=360%2C360&amp;ssl=1 360w, https:\/\/i2.wp.com\/www.tenueve.com\/wp-content\/uploads\/2018\/03\/Flag-CH.png?resize=380%2C380&amp;ssl=1 380w, https:\/\/i2.wp.com\/www.tenueve.com\/wp-content\/uploads\/2018\/03\/Flag-CH.png?resize=100%2C100&amp;ssl=1 100w\" sizes=\"(max-width: 100px) 100vw, 100px\" data-recalc-dims=\"1\" \/><\/a><\/p>\n<p><strong>Als kubanische und schweizerische Gastgeber haben wir ein gutes Gesp\u00fcr daf\u00fcr, was Sie brauchen, wenn Sie in dieses Land kommen. Wir k\u00f6nnen Ihnen mit verschiedenen Sprachen (auch Spanisch, Englisch, Franz\u00f6sisch, Italienisch, Portugiesisch) helfen. Gerne geben wir Ihnen die guten Tipps, wie Sie sich am besten in Kuba bewegen und die angenehmen Seiten kennenlernen.<br \/>\n<\/strong><\/p>\n<p><strong>Wir sind erfolgreiche Gastgeber auf Airbnb. Bitte schreiben Sie uns eine <a href=\"casamarlene@tenueve.com\">eMail<\/a>:<\/strong><\/p>\n<p><strong>Oder informieren Sie sich hier \u00fcber die Verf\u00fcgbarkeit:<br \/>\n<\/strong><\/p>\n<p><a href=\"https:\/\/www.airbnb.de\/rooms\/18263368\"><strong>https:\/\/www.airbnb.de\/rooms\/18263368<\/strong><\/a><br \/>\n<a href=\"https:\/\/www.airbnb.de\/rooms\/18248290\"><strong> https:\/\/www.airbnb.de\/rooms\/18248290<\/strong><\/a><br \/>\n<a href=\"https:\/\/www.airbnb.de\/rooms\/18262507\"><strong> https:\/\/www.airbnb.de\/rooms\/18262507<\/strong><\/a><br \/>\n<a href=\"https:\/\/www.airbnb.de\/rooms\/20015477\"><strong> https:\/\/www.airbnb.de\/rooms\/20015477<\/strong><\/a><br \/>\n<a href=\"https:\/\/www.airbnb.de\/rooms\/20016513\"><strong> https:\/\/www.airbnb.de\/rooms\/20016513<\/strong><\/a><br \/>\n<a href=\"https:\/\/www.airbnb.de\/rooms\/17419842\"><strong> https:\/\/www.airbnb.de\/rooms\/17419842<\/strong><\/a><br \/>\n<a href=\"https:\/\/www.airbnb.de\/rooms\/5874449\"><strong> https:\/\/www.airbnb.de\/rooms\/5874449<\/strong><\/a><br \/>\n<a href=\"https:\/\/www.airbnb.de\/rooms\/6194697\"><strong> https:\/\/www.airbnb.de\/rooms\/6194697<\/strong><\/a><\/p>\n<p><strong>Wir w\u00fcrden uns freuen, Sie bei uns begr\u00fc\u00dfen zu d\u00fcrfen.\u00a0Vielen Dank und bis bald in unserem Haus in Havanna.<\/strong><\/p>\n<p><strong>Marlene, Michel, Adry, Fabio, Adry<\/strong><\/p>\n<p><a href=\"https:\/\/i1.wp.com\/www.tenueve.com\/wp-content\/uploads\/2015\/07\/La-familia-Tres-generaciones.jpg?ssl=1\"><img loading=\"lazy\" decoding=\"async\" data-attachment-id=\"1470\" data-permalink=\"https:\/\/www.tenueve.com\/de\/rooms\/mambo\/attachment\/la-familia-tres-generaciones\/\" data-orig-file=\"https:\/\/i1.wp.com\/www.tenueve.com\/wp-content\/uploads\/2015\/07\/La-familia-Tres-generaciones.jpg?fit=2048%2C1360&amp;ssl=1\" data-orig-size=\"2048,1360\" data-comments-opened=\"1\" data-image-meta=\"{&quot;aperture&quot;:&quot;2&quot;,&quot;credit&quot;:&quot;Picasa&quot;,&quot;camera&quot;:&quot;X20&quot;,&quot;caption&quot;:&quot;&quot;,&quot;created_timestamp&quot;:&quot;1499315440&quot;,&quot;copyright&quot;:&quot;&quot;,&quot;focal_length&quot;:&quot;7.1&quot;,&quot;iso&quot;:&quot;800&quot;,&quot;shutter_speed&quot;:&quot;0.1&quot;,&quot;title&quot;:&quot;&quot;,&quot;orientation&quot;:&quot;0&quot;}\" data-image-title=\"La familia &#8211; Tres generaciones\" data-image-description=\"\" data-medium-file=\"https:\/\/i1.wp.com\/www.tenueve.com\/wp-content\/uploads\/2015\/07\/La-familia-Tres-generaciones.jpg?fit=300%2C199&amp;ssl=1\" data-large-file=\"https:\/\/i1.wp.com\/www.tenueve.com\/wp-content\/uploads\/2015\/07\/La-familia-Tres-generaciones.jpg?fit=1024%2C680&amp;ssl=1\" class=\"wp-image-1470 alignleft\" src=\"https:\/\/i1.wp.com\/www.tenueve.com\/wp-content\/uploads\/2015\/07\/La-familia-Tres-generaciones.jpg?resize=347%2C230&#038;ssl=1\" alt=\"\" width=\"347\" height=\"230\" srcset=\"https:\/\/i1.wp.com\/www.tenueve.com\/wp-content\/uploads\/2015\/07\/La-familia-Tres-generaciones.jpg?w=2048&amp;ssl=1 2048w, https:\/\/i1.wp.com\/www.tenueve.com\/wp-content\/uploads\/2015\/07\/La-familia-Tres-generaciones.jpg?resize=600%2C398&amp;ssl=1 600w, https:\/\/i1.wp.com\/www.tenueve.com\/wp-content\/uploads\/2015\/07\/La-familia-Tres-generaciones.jpg?resize=300%2C199&amp;ssl=1 300w, https:\/\/i1.wp.com\/www.tenueve.com\/wp-content\/uploads\/2015\/07\/La-familia-Tres-generaciones.jpg?resize=768%2C510&amp;ssl=1 768w, https:\/\/i1.wp.com\/www.tenueve.com\/wp-content\/uploads\/2015\/07\/La-familia-Tres-generaciones.jpg?resize=1024%2C680&amp;ssl=1 1024w, https:\/\/i1.wp.com\/www.tenueve.com\/wp-content\/uploads\/2015\/07\/La-familia-Tres-generaciones.jpg?resize=286%2C190&amp;ssl=1 286w, https:\/\/i1.wp.com\/www.tenueve.com\/wp-content\/uploads\/2015\/07\/La-familia-Tres-generaciones.jpg?resize=1140%2C757&amp;ssl=1 1140w, https:\/\/i1.wp.com\/www.tenueve.com\/wp-content\/uploads\/2015\/07\/La-familia-Tres-generaciones.jpg?resize=255%2C169&amp;ssl=1 255w, https:\/\/i1.wp.com\/www.tenueve.com\/wp-content\/uploads\/2015\/07\/La-familia-Tres-generaciones.jpg?resize=120%2C80&amp;ssl=1 120w, https:\/\/i1.wp.com\/www.tenueve.com\/wp-content\/uploads\/2015\/07\/La-familia-Tres-generaciones.jpg?resize=60%2C40&amp;ssl=1 60w, https:\/\/i1.wp.com\/www.tenueve.com\/wp-content\/uploads\/2015\/07\/La-familia-Tres-generaciones.jpg?resize=480%2C319&amp;ssl=1 480w, https:\/\/i1.wp.com\/www.tenueve.com\/wp-content\/uploads\/2015\/07\/La-familia-Tres-generaciones.jpg?resize=500%2C332&amp;ssl=1 500w, https:\/\/i1.wp.com\/www.tenueve.com\/wp-content\/uploads\/2015\/07\/La-familia-Tres-generaciones.jpg?resize=1920%2C1275&amp;ssl=1 1920w, https:\/\/i1.wp.com\/www.tenueve.com\/wp-content\/uploads\/2015\/07\/La-familia-Tres-generaciones.jpg?resize=750%2C498&amp;ssl=1 750w, https:\/\/i1.wp.com\/www.tenueve.com\/wp-content\/uploads\/2015\/07\/La-familia-Tres-generaciones.jpg?resize=360%2C239&amp;ssl=1 360w\" sizes=\"(max-width: 347px) 100vw, 347px\" data-recalc-dims=\"1\" \/><\/a> <a href=\"https:\/\/i1.wp.com\/www.tenueve.com\/wp-content\/uploads\/2018\/02\/Family-Michel-with-Fabio-Terrazas-del-Nuevo-Vedado-Casa-particular-Nuevo-Vedado-Viaz\u00fal-Havana-Cuba-DSCF6245-Fabio-detr\u00e1s-de-la-bicicleta.jpg?ssl=1\"><img loading=\"lazy\" decoding=\"async\" data-attachment-id=\"1706\" data-permalink=\"https:\/\/www.tenueve.com\/de\/home-1\/attachment\/family-michel-with-fabio-terrazas-del-nuevo-vedado-casa-particular-nuevo-vedado-viazul-havana-cuba-dscf6245-fabio-detras-de-la-bicicleta\/\" data-orig-file=\"https:\/\/i1.wp.com\/www.tenueve.com\/wp-content\/uploads\/2018\/02\/Family-Michel-with-Fabio-Terrazas-del-Nuevo-Vedado-Casa-particular-Nuevo-Vedado-Viaz\u00fal-Havana-Cuba-DSCF6245-Fabio-detr\u00e1s-de-la-bicicleta.jpg?fit=1505%2C1319&amp;ssl=1\" data-orig-size=\"1505,1319\" data-comments-opened=\"1\" data-image-meta=\"{&quot;aperture&quot;:&quot;5&quot;,&quot;credit&quot;:&quot;Picasa&quot;,&quot;camera&quot;:&quot;X20&quot;,&quot;caption&quot;:&quot;&quot;,&quot;created_timestamp&quot;:&quot;1503954714&quot;,&quot;copyright&quot;:&quot;&quot;,&quot;focal_length&quot;:&quot;7.1&quot;,&quot;iso&quot;:&quot;200&quot;,&quot;shutter_speed&quot;:&quot;0.002&quot;,&quot;title&quot;:&quot;&quot;,&quot;orientation&quot;:&quot;0&quot;}\" data-image-title=\"Family &#8211; Michel with Fabio &#8211; Terrazas del Nuevo Vedado (Casa particular, Nuevo Vedado, Viaz\u00fal, Havana, Cuba) &#8211; DSCF6245 Fabio detr\u00e1s de la bicicleta\" data-image-description=\"\" data-medium-file=\"https:\/\/i1.wp.com\/www.tenueve.com\/wp-content\/uploads\/2018\/02\/Family-Michel-with-Fabio-Terrazas-del-Nuevo-Vedado-Casa-particular-Nuevo-Vedado-Viaz\u00fal-Havana-Cuba-DSCF6245-Fabio-detr\u00e1s-de-la-bicicleta.jpg?fit=300%2C263&amp;ssl=1\" data-large-file=\"https:\/\/i1.wp.com\/www.tenueve.com\/wp-content\/uploads\/2018\/02\/Family-Michel-with-Fabio-Terrazas-del-Nuevo-Vedado-Casa-particular-Nuevo-Vedado-Viaz\u00fal-Havana-Cuba-DSCF6245-Fabio-detr\u00e1s-de-la-bicicleta.jpg?fit=1024%2C897&amp;ssl=1\" class=\"wp-image-1706 alignleft\" src=\"https:\/\/i1.wp.com\/www.tenueve.com\/wp-content\/uploads\/2018\/02\/Family-Michel-with-Fabio-Terrazas-del-Nuevo-Vedado-Casa-particular-Nuevo-Vedado-Viaz\u00fal-Havana-Cuba-DSCF6245-Fabio-detr\u00e1s-de-la-bicicleta.jpg?resize=263%2C230&#038;ssl=1\" alt=\"\" width=\"263\" height=\"230\" srcset=\"https:\/\/i1.wp.com\/www.tenueve.com\/wp-content\/uploads\/2018\/02\/Family-Michel-with-Fabio-Terrazas-del-Nuevo-Vedado-Casa-particular-Nuevo-Vedado-Viaz\u00fal-Havana-Cuba-DSCF6245-Fabio-detr\u00e1s-de-la-bicicleta.jpg?w=1505&amp;ssl=1 1505w, https:\/\/i1.wp.com\/www.tenueve.com\/wp-content\/uploads\/2018\/02\/Family-Michel-with-Fabio-Terrazas-del-Nuevo-Vedado-Casa-particular-Nuevo-Vedado-Viaz\u00fal-Havana-Cuba-DSCF6245-Fabio-detr\u00e1s-de-la-bicicleta.jpg?resize=300%2C263&amp;ssl=1 300w, https:\/\/i1.wp.com\/www.tenueve.com\/wp-content\/uploads\/2018\/02\/Family-Michel-with-Fabio-Terrazas-del-Nuevo-Vedado-Casa-particular-Nuevo-Vedado-Viaz\u00fal-Havana-Cuba-DSCF6245-Fabio-detr\u00e1s-de-la-bicicleta.jpg?resize=768%2C673&amp;ssl=1 768w, https:\/\/i1.wp.com\/www.tenueve.com\/wp-content\/uploads\/2018\/02\/Family-Michel-with-Fabio-Terrazas-del-Nuevo-Vedado-Casa-particular-Nuevo-Vedado-Viaz\u00fal-Havana-Cuba-DSCF6245-Fabio-detr\u00e1s-de-la-bicicleta.jpg?resize=1024%2C897&amp;ssl=1 1024w, https:\/\/i1.wp.com\/www.tenueve.com\/wp-content\/uploads\/2018\/02\/Family-Michel-with-Fabio-Terrazas-del-Nuevo-Vedado-Casa-particular-Nuevo-Vedado-Viaz\u00fal-Havana-Cuba-DSCF6245-Fabio-detr\u00e1s-de-la-bicicleta.jpg?resize=217%2C190&amp;ssl=1 217w, https:\/\/i1.wp.com\/www.tenueve.com\/wp-content\/uploads\/2018\/02\/Family-Michel-with-Fabio-Terrazas-del-Nuevo-Vedado-Casa-particular-Nuevo-Vedado-Viaz\u00fal-Havana-Cuba-DSCF6245-Fabio-detr\u00e1s-de-la-bicicleta.jpg?resize=1027%2C900&amp;ssl=1 1027w, https:\/\/i1.wp.com\/www.tenueve.com\/wp-content\/uploads\/2018\/02\/Family-Michel-with-Fabio-Terrazas-del-Nuevo-Vedado-Casa-particular-Nuevo-Vedado-Viaz\u00fal-Havana-Cuba-DSCF6245-Fabio-detr\u00e1s-de-la-bicicleta.jpg?resize=255%2C223&amp;ssl=1 255w, https:\/\/i1.wp.com\/www.tenueve.com\/wp-content\/uploads\/2018\/02\/Family-Michel-with-Fabio-Terrazas-del-Nuevo-Vedado-Casa-particular-Nuevo-Vedado-Viaz\u00fal-Havana-Cuba-DSCF6245-Fabio-detr\u00e1s-de-la-bicicleta.jpg?resize=91%2C80&amp;ssl=1 91w, https:\/\/i1.wp.com\/www.tenueve.com\/wp-content\/uploads\/2018\/02\/Family-Michel-with-Fabio-Terrazas-del-Nuevo-Vedado-Casa-particular-Nuevo-Vedado-Viaz\u00fal-Havana-Cuba-DSCF6245-Fabio-detr\u00e1s-de-la-bicicleta.jpg?resize=46%2C40&amp;ssl=1 46w, https:\/\/i1.wp.com\/www.tenueve.com\/wp-content\/uploads\/2018\/02\/Family-Michel-with-Fabio-Terrazas-del-Nuevo-Vedado-Casa-particular-Nuevo-Vedado-Viaz\u00fal-Havana-Cuba-DSCF6245-Fabio-detr\u00e1s-de-la-bicicleta.jpg?resize=480%2C421&amp;ssl=1 480w, https:\/\/i1.wp.com\/www.tenueve.com\/wp-content\/uploads\/2018\/02\/Family-Michel-with-Fabio-Terrazas-del-Nuevo-Vedado-Casa-particular-Nuevo-Vedado-Viaz\u00fal-Havana-Cuba-DSCF6245-Fabio-detr\u00e1s-de-la-bicicleta.jpg?resize=500%2C438&amp;ssl=1 500w, https:\/\/i1.wp.com\/www.tenueve.com\/wp-content\/uploads\/2018\/02\/Family-Michel-with-Fabio-Terrazas-del-Nuevo-Vedado-Casa-particular-Nuevo-Vedado-Viaz\u00fal-Havana-Cuba-DSCF6245-Fabio-detr\u00e1s-de-la-bicicleta.jpg?resize=750%2C657&amp;ssl=1 750w, https:\/\/i1.wp.com\/www.tenueve.com\/wp-content\/uploads\/2018\/02\/Family-Michel-with-Fabio-Terrazas-del-Nuevo-Vedado-Casa-particular-Nuevo-Vedado-Viaz\u00fal-Havana-Cuba-DSCF6245-Fabio-detr\u00e1s-de-la-bicicleta.jpg?resize=360%2C316&amp;ssl=1 360w, https:\/\/i1.wp.com\/www.tenueve.com\/wp-content\/uploads\/2018\/02\/Family-Michel-with-Fabio-Terrazas-del-Nuevo-Vedado-Casa-particular-Nuevo-Vedado-Viaz\u00fal-Havana-Cuba-DSCF6245-Fabio-detr\u00e1s-de-la-bicicleta.jpg?resize=600%2C526&amp;ssl=1 600w\" sizes=\"(max-width: 263px) 100vw, 263px\" data-recalc-dims=\"1\" \/><\/a><\/p>\n<p>&nbsp;<\/p>\n<p>&nbsp;<\/p>\n<p>&nbsp;<\/p>\n<p>&nbsp;<\/p>\n<p>&nbsp;<\/p>\n<p>&nbsp;<\/p>\n<p><span style=\"color: #ff0000;\"><strong>P.S. Wir sind dabei, diese Website f\u00fcr unser Haus &#8222;Terrazas del Nuevo Vedado&#8220; (TeNueve) umzubauen.<\/strong><\/span><\/p>","protected":false},"excerpt":{"rendered":"<p>Terrazas del Nuevo Vedado \/ Casa Marlene mit Swimmingpool Willkommen in unserer Casa Particular in Havanna, Kuba. Nur einen Block von Viaz\u00fal (nationaler Busbahnhof) entfernt, 20 Minuten vom Flughafen Jos\u00e9 Mart\u00ed, mitten in der Stadt, bereit f\u00fcr jede Art von &hellip; <a href=\"https:\/\/www.tenueve.com\/de\/\">Read More<\/a><\/p>\n","protected":false},"author":3,"featured_media":1416,"parent":0,"menu_order":1,"comment_status":"closed","ping_status":"closed","template":"","meta":{"sharing_disabled":false,"spay_email":"","footnotes":""},"_links":{"self":[{"href":"https:\/\/www.tenueve.com\/de\/wp-json\/wp\/v2\/pages\/7"}],"collection":[{"href":"https:\/\/www.tenueve.com\/de\/wp-json\/wp\/v2\/pages"}],"about":[{"href":"https:\/\/www.tenueve.com\/de\/wp-json\/wp\/v2\/types\/page"}],"author":[{"embeddable":true,"href":"https:\/\/www.tenueve.com\/de\/wp-json\/wp\/v2\/users\/3"}],"replies":[{"embeddable":true,"href":"https:\/\/www.tenueve.com\/de\/wp-json\/wp\/v2\/comments?post=7"}],"version-history":[{"count":39,"href":"https:\/\/www.tenueve.com\/de\/wp-json\/wp\/v2\/pages\/7\/revisions"}],"predecessor-version":[{"id":1809,"href":"https:\/\/www.tenueve.com\/de\/wp-json\/wp\/v2\/pages\/7\/revisions\/1809"}],"wp:featuredmedia":[{"embeddable":true,"href":"https:\/\/www.tenueve.com\/de\/wp-json\/wp\/v2\/media\/1416"}],"wp:attachment":[{"href":"https:\/\/www.tenueve.com\/de\/wp-json\/wp\/v2\/media?parent=7"}],"curies":[{"name":"wp","href":"https:\/\/api.w.org\/{rel}","templated":true}]}}