{"id":177,"date":"2015-06-29T03:37:58","date_gmt":"2015-06-29T03:37:58","guid":{"rendered":"http:\/\/import.themovation.com\/bellevue\/chalet\/?page_id=177"},"modified":"2018-03-18T19:29:30","modified_gmt":"2018-03-19T00:29:30","slug":"suggestions-to-explore_cuba","status":"publish","type":"page","link":"https:\/\/www.tenueve.com\/de\/suggestions-to-explore_cuba\/","title":{"rendered":"Packages and Specials"},"content":{"rendered":"<p class=\"qtranxs-available-languages-message qtranxs-available-languages-message-de\">Leider ist der Eintrag nur auf <a href=\"https:\/\/www.tenueve.com\/en\/wp-json\/wp\/v2\/pages\/177\" class=\"qtranxs-available-language-link qtranxs-available-language-link-en\" title=\"English\">Amerikanisches Englisch<\/a> und <a href=\"https:\/\/www.tenueve.com\/pt\/wp-json\/wp\/v2\/pages\/177\" class=\"qtranxs-available-language-link qtranxs-available-language-link-pt\" title=\"Portugu\u00eas\">Europ\u00e4isches Portugiesisch<\/a> verf\u00fcgbar. Der Inhalt wird in der Standard-Sprache dieser Website angezeigt. Sie k\u00f6nnen einen Link anklicken, um zu einer anderen verf\u00fcgbaren Sprache zu wechseln.<\/p><p><\/p>\n<h1>Suggestions to explore Cuba as it is<\/h1>\n<p>We offer you interesting suggestions for you that are not on the large trail of mainstream touristic events.<\/p>\n<p>&nbsp;<\/p>\n<p>&nbsp;<\/p>","protected":false},"excerpt":{"rendered":"<p>Leider ist der Eintrag nur auf Amerikanisches Englisch und Europ\u00e4isches Portugiesisch verf\u00fcgbar. Der Inhalt wird in der Standard-Sprache dieser Website angezeigt. Sie k\u00f6nnen einen Link anklicken, um zu einer anderen verf\u00fcgbaren Sprache zu wechseln. Suggestions to explore Cuba as it &hellip; <a href=\"https:\/\/www.tenueve.com\/de\/suggestions-to-explore_cuba\/\">Read More<\/a><\/p>\n","protected":false},"author":2,"featured_media":0,"parent":0,"menu_order":20,"comment_status":"closed","ping_status":"closed","template":"","meta":{"sharing_disabled":false,"spay_email":"","footnotes":""},"_links":{"self":[{"href":"https:\/\/www.tenueve.com\/de\/wp-json\/wp\/v2\/pages\/177"}],"collection":[{"href":"https:\/\/www.tenueve.com\/de\/wp-json\/wp\/v2\/pages"}],"about":[{"href":"https:\/\/www.tenueve.com\/de\/wp-json\/wp\/v2\/types\/page"}],"author":[{"embeddable":true,"href":"https:\/\/www.tenueve.com\/de\/wp-json\/wp\/v2\/users\/2"}],"replies":[{"embeddable":true,"href":"https:\/\/www.tenueve.com\/de\/wp-json\/wp\/v2\/comments?post=177"}],"version-history":[{"count":5,"href":"https:\/\/www.tenueve.com\/de\/wp-json\/wp\/v2\/pages\/177\/revisions"}],"predecessor-version":[{"id":1824,"href":"https:\/\/www.tenueve.com\/de\/wp-json\/wp\/v2\/pages\/177\/revisions\/1824"}],"wp:attachment":[{"href":"https:\/\/www.tenueve.com\/de\/wp-json\/wp\/v2\/media?parent=177"}],"curies":[{"name":"wp","href":"https:\/\/api.w.org\/{rel}","templated":true}]}}