{"id":1104,"date":"2015-06-28T05:22:39","date_gmt":"2015-06-28T05:22:39","guid":{"rendered":"http:\/\/import.themovation.com\/bellevue\/chalet\/?page_id=119"},"modified":"2018-02-13T11:26:23","modified_gmt":"2018-02-13T07:26:23","slug":"explore","status":"publish","type":"page","link":"https:\/\/www.tenueve.com\/de\/explore\/","title":{"rendered":"Umgebung entdecken"},"content":{"rendered":"<p>Sie k\u00f6nnen in Gehdistanz eine Menge von sch\u00f6nen und erstaunlichen Orten besuchen. Entdeckt ihre grosse Geschichte, die Kuba ausmacht.\u00a0Vertieft eure Kenntnisse! Es lohnt sich.<\/p>\n<p>Wir k\u00f6nnen euch dabei behilflich sein mit Ausk\u00fcnften, Einsichten und gegebenenfalls F\u00fchrungen.<\/p>","protected":false},"excerpt":{"rendered":"<p>Sie k\u00f6nnen in Gehdistanz eine Menge von sch\u00f6nen und erstaunlichen Orten besuchen. Entdeckt ihre grosse Geschichte, die Kuba ausmacht.\u00a0Vertieft eure Kenntnisse! Es lohnt sich. Wir k\u00f6nnen euch dabei behilflich sein mit Ausk\u00fcnften, Einsichten und gegebenenfalls F\u00fchrungen.<\/p>\n","protected":false},"author":2,"featured_media":0,"parent":0,"menu_order":2,"comment_status":"closed","ping_status":"closed","template":"","meta":{"sharing_disabled":false,"spay_email":"","footnotes":""},"_links":{"self":[{"href":"https:\/\/www.tenueve.com\/de\/wp-json\/wp\/v2\/pages\/1104"}],"collection":[{"href":"https:\/\/www.tenueve.com\/de\/wp-json\/wp\/v2\/pages"}],"about":[{"href":"https:\/\/www.tenueve.com\/de\/wp-json\/wp\/v2\/types\/page"}],"author":[{"embeddable":true,"href":"https:\/\/www.tenueve.com\/de\/wp-json\/wp\/v2\/users\/2"}],"replies":[{"embeddable":true,"href":"https:\/\/www.tenueve.com\/de\/wp-json\/wp\/v2\/comments?post=1104"}],"version-history":[{"count":2,"href":"https:\/\/www.tenueve.com\/de\/wp-json\/wp\/v2\/pages\/1104\/revisions"}],"predecessor-version":[{"id":1520,"href":"https:\/\/www.tenueve.com\/de\/wp-json\/wp\/v2\/pages\/1104\/revisions\/1520"}],"wp:attachment":[{"href":"https:\/\/www.tenueve.com\/de\/wp-json\/wp\/v2\/media?parent=1104"}],"curies":[{"name":"wp","href":"https:\/\/api.w.org\/{rel}","templated":true}]}}