{"id":1103,"date":"2015-06-24T06:18:59","date_gmt":"2015-06-24T11:18:59","guid":{"rendered":"http:\/\/import.themovation.com\/bellevue\/chalet\/?page_id=99"},"modified":"2018-02-28T20:50:34","modified_gmt":"2018-03-01T01:50:34","slug":"availability","status":"publish","type":"page","link":"https:\/\/www.tenueve.com\/de\/availability\/","title":{"rendered":"Verf\u00fcgbarkeit der Zimmer"},"content":{"rendered":"<p><strong>Wir sind f\u00fcr Sie da!<\/strong><br \/>\nBitte schreiben Sie uns eine Email an\u00a0<a href=\"mailto:casamarlene@trialog.ch\" target=\"_blank\" rel=\"noopener\">Terrazas del Nuevo Vedado \/ Casa Marlene<\/a> (bitte auf Link klicken).<\/p>\n<p>Sie k\u00f6nnen die Verf\u00fcgbarkeit der Zimmer auch auf Airbnb einsehen:<\/p>\n<p><strong>\u00dcber diese Links k\u00f6nnen Sie die Verf\u00fcgbarkeit auf Airbnb \u00fcberpr\u00fcfen:<\/strong><\/p>\n<p><a href=\"https:\/\/www.airbnb.com\/rooms\/6194697\" target=\"_blank\" rel=\"noopener\">Casa Marlene. Viazul Nuevo Vedado<br \/>\n<\/a><a href=\"https:\/\/www.airbnb.com\/rooms\/5874449\" target=\"_blank\" rel=\"noopener\">Casa Marlene. Nuevo Vedado, ViaAzul<\/a><br \/>\n<a href=\"https:\/\/www.airbnb.com\/rooms\/17419842\" target=\"_blank\" rel=\"noopener\">Terrazas del Nuevo Vedado &#8211; Viaz\u00fal &#8211; Casa Marlene<\/a><br \/>\n<a href=\"https:\/\/www.airbnb.com\/rooms\/18248290\" target=\"_blank\" rel=\"noopener\">Terrazas del Nuevo Vedado &#8211; vIaz\u00fal &#8211; Casa Marlene<\/a><br \/>\n<a href=\"https:\/\/www.airbnb.com\/rooms\/18263368\" target=\"_blank\" rel=\"noopener\">Terrazas del Nuevo Vedado &#8211; viAz\u00fal &#8211; Casa Marlene<\/a><br \/>\n<a href=\"https:\/\/www.airbnb.com\/rooms\/18262507\" target=\"_blank\" rel=\"noopener\">Terrazas del Nuevo Vedado &#8211; viaZ\u00fal &#8211; Casa Marlene<\/a><br \/>\n<a href=\"https:\/\/www.airbnb.com\/rooms\/20015477\" target=\"_blank\" rel=\"noopener\">Terrazas del Nuevo Vedado &#8211; viazUl &#8211; Casa Marlene<\/a><br \/>\n<a href=\"https:\/\/www.airbnb.com\/rooms\/20016513\" target=\"_blank\" rel=\"noopener\">Terrazas del Nuevo Vedado &#8211; viazuL &#8211; Casa Marlene<\/a><\/p>\n<p><strong>Bald k\u00f6nnen Sie direkt \u00fcber diese Seite buchen, ohne Geb\u00fchren an gro\u00dfe Zwischenh\u00e4ndler zahlen zu m\u00fcssen.<\/strong><\/p>\n<p>Bitte senden Sie uns eine E-Mail an<br \/>\n<a href=\"mailto:casamarlene@tenueve.com\">casamarlene@tenueve.com<\/a><br \/>\nBitte klicken Sie auf den Link, um uns zu schreiben.<\/p>\n<p><strong>Wir freuen uns auf Ihre Reservierung in unserem Haus. Wir m\u00f6chten, dass Sie einen angenehmen Aufenthalt genie\u00dfen.\u00a0Wir w\u00fcrden uns freuen, Sie zu betreuen!<\/strong><\/p>\n<p><strong>Adrianelys, Marlene (Grossmutter), Marlene\u00a0 \u00a0 \u00a0 \u00a0 \u00a0 \u00a0 \u00a0 \u00a0 \u00a0 \u00a0 \u00a0 \u00a0 \u00a0 \u00a0 \u00a0 \u00a0 \u00a0 \u00a0 \u00a0 \u00a0 \u00a0 \u00a0 \u00a0 \u00a0 \u00a0 \u00a0 \u00a0 \u00a0 \u00a0 \u00a0 \u00a0 \u00a0 \u00a0 \u00a0Michel, Fabio<\/strong><\/p>\n<p><a href=\"https:\/\/i1.wp.com\/www.tenueve.com\/wp-content\/uploads\/2015\/07\/La-familia-Tres-generaciones.jpg?ssl=1\"><img loading=\"lazy\" decoding=\"async\" class=\"alignnone wp-image-1470\" src=\"https:\/\/i1.wp.com\/www.tenueve.com\/wp-content\/uploads\/2015\/07\/La-familia-Tres-generaciones.jpg?resize=630%2C419&#038;ssl=1\" alt=\"\" width=\"630\" height=\"419\" srcset=\"https:\/\/i1.wp.com\/www.tenueve.com\/wp-content\/uploads\/2015\/07\/La-familia-Tres-generaciones.jpg?w=2048&amp;ssl=1 2048w, https:\/\/i1.wp.com\/www.tenueve.com\/wp-content\/uploads\/2015\/07\/La-familia-Tres-generaciones.jpg?resize=600%2C398&amp;ssl=1 600w, https:\/\/i1.wp.com\/www.tenueve.com\/wp-content\/uploads\/2015\/07\/La-familia-Tres-generaciones.jpg?resize=300%2C199&amp;ssl=1 300w, https:\/\/i1.wp.com\/www.tenueve.com\/wp-content\/uploads\/2015\/07\/La-familia-Tres-generaciones.jpg?resize=768%2C510&amp;ssl=1 768w, https:\/\/i1.wp.com\/www.tenueve.com\/wp-content\/uploads\/2015\/07\/La-familia-Tres-generaciones.jpg?resize=1024%2C680&amp;ssl=1 1024w, https:\/\/i1.wp.com\/www.tenueve.com\/wp-content\/uploads\/2015\/07\/La-familia-Tres-generaciones.jpg?resize=286%2C190&amp;ssl=1 286w, https:\/\/i1.wp.com\/www.tenueve.com\/wp-content\/uploads\/2015\/07\/La-familia-Tres-generaciones.jpg?resize=1140%2C757&amp;ssl=1 1140w, https:\/\/i1.wp.com\/www.tenueve.com\/wp-content\/uploads\/2015\/07\/La-familia-Tres-generaciones.jpg?resize=255%2C169&amp;ssl=1 255w, https:\/\/i1.wp.com\/www.tenueve.com\/wp-content\/uploads\/2015\/07\/La-familia-Tres-generaciones.jpg?resize=120%2C80&amp;ssl=1 120w, https:\/\/i1.wp.com\/www.tenueve.com\/wp-content\/uploads\/2015\/07\/La-familia-Tres-generaciones.jpg?resize=60%2C40&amp;ssl=1 60w, https:\/\/i1.wp.com\/www.tenueve.com\/wp-content\/uploads\/2015\/07\/La-familia-Tres-generaciones.jpg?resize=480%2C319&amp;ssl=1 480w, https:\/\/i1.wp.com\/www.tenueve.com\/wp-content\/uploads\/2015\/07\/La-familia-Tres-generaciones.jpg?resize=500%2C332&amp;ssl=1 500w, https:\/\/i1.wp.com\/www.tenueve.com\/wp-content\/uploads\/2015\/07\/La-familia-Tres-generaciones.jpg?resize=1920%2C1275&amp;ssl=1 1920w, https:\/\/i1.wp.com\/www.tenueve.com\/wp-content\/uploads\/2015\/07\/La-familia-Tres-generaciones.jpg?resize=750%2C498&amp;ssl=1 750w, https:\/\/i1.wp.com\/www.tenueve.com\/wp-content\/uploads\/2015\/07\/La-familia-Tres-generaciones.jpg?resize=360%2C239&amp;ssl=1 360w\" sizes=\"(max-width: 630px) 100vw, 630px\" data-recalc-dims=\"1\" \/><\/a>\u00a0 \u00a0<a href=\"https:\/\/i1.wp.com\/www.tenueve.com\/wp-content\/uploads\/2018\/02\/Family-Michel-with-Fabio-Terrazas-del-Nuevo-Vedado-Casa-particular-Nuevo-Vedado-Viaz\u00fal-Havana-Cuba-DSCF6245-Fabio-detr\u00e1s-de-la-bicicleta.jpg?ssl=1\"><img loading=\"lazy\" decoding=\"async\" data-attachment-id=\"1706\" data-permalink=\"https:\/\/www.tenueve.com\/de\/home-1\/attachment\/family-michel-with-fabio-terrazas-del-nuevo-vedado-casa-particular-nuevo-vedado-viazul-havana-cuba-dscf6245-fabio-detras-de-la-bicicleta\/\" data-orig-file=\"https:\/\/i1.wp.com\/www.tenueve.com\/wp-content\/uploads\/2018\/02\/Family-Michel-with-Fabio-Terrazas-del-Nuevo-Vedado-Casa-particular-Nuevo-Vedado-Viaz\u00fal-Havana-Cuba-DSCF6245-Fabio-detr\u00e1s-de-la-bicicleta.jpg?fit=1505%2C1319&amp;ssl=1\" data-orig-size=\"1505,1319\" data-comments-opened=\"1\" data-image-meta=\"{&quot;aperture&quot;:&quot;5&quot;,&quot;credit&quot;:&quot;Picasa&quot;,&quot;camera&quot;:&quot;X20&quot;,&quot;caption&quot;:&quot;&quot;,&quot;created_timestamp&quot;:&quot;1503954714&quot;,&quot;copyright&quot;:&quot;&quot;,&quot;focal_length&quot;:&quot;7.1&quot;,&quot;iso&quot;:&quot;200&quot;,&quot;shutter_speed&quot;:&quot;0.002&quot;,&quot;title&quot;:&quot;&quot;,&quot;orientation&quot;:&quot;0&quot;}\" data-image-title=\"Family &#8211; Michel with Fabio &#8211; Terrazas del Nuevo Vedado (Casa particular, Nuevo Vedado, Viaz\u00fal, Havana, Cuba) &#8211; DSCF6245 Fabio detr\u00e1s de la bicicleta\" data-image-description=\"\" data-medium-file=\"https:\/\/i1.wp.com\/www.tenueve.com\/wp-content\/uploads\/2018\/02\/Family-Michel-with-Fabio-Terrazas-del-Nuevo-Vedado-Casa-particular-Nuevo-Vedado-Viaz\u00fal-Havana-Cuba-DSCF6245-Fabio-detr\u00e1s-de-la-bicicleta.jpg?fit=300%2C263&amp;ssl=1\" data-large-file=\"https:\/\/i1.wp.com\/www.tenueve.com\/wp-content\/uploads\/2018\/02\/Family-Michel-with-Fabio-Terrazas-del-Nuevo-Vedado-Casa-particular-Nuevo-Vedado-Viaz\u00fal-Havana-Cuba-DSCF6245-Fabio-detr\u00e1s-de-la-bicicleta.jpg?fit=1024%2C897&amp;ssl=1\" class=\"alignnone wp-image-1706\" src=\"https:\/\/i1.wp.com\/www.tenueve.com\/wp-content\/uploads\/2018\/02\/Family-Michel-with-Fabio-Terrazas-del-Nuevo-Vedado-Casa-particular-Nuevo-Vedado-Viaz\u00fal-Havana-Cuba-DSCF6245-Fabio-detr\u00e1s-de-la-bicicleta.jpg?resize=475%2C416&#038;ssl=1\" alt=\"\" width=\"475\" height=\"416\" srcset=\"https:\/\/i1.wp.com\/www.tenueve.com\/wp-content\/uploads\/2018\/02\/Family-Michel-with-Fabio-Terrazas-del-Nuevo-Vedado-Casa-particular-Nuevo-Vedado-Viaz\u00fal-Havana-Cuba-DSCF6245-Fabio-detr\u00e1s-de-la-bicicleta.jpg?w=1505&amp;ssl=1 1505w, https:\/\/i1.wp.com\/www.tenueve.com\/wp-content\/uploads\/2018\/02\/Family-Michel-with-Fabio-Terrazas-del-Nuevo-Vedado-Casa-particular-Nuevo-Vedado-Viaz\u00fal-Havana-Cuba-DSCF6245-Fabio-detr\u00e1s-de-la-bicicleta.jpg?resize=300%2C263&amp;ssl=1 300w, https:\/\/i1.wp.com\/www.tenueve.com\/wp-content\/uploads\/2018\/02\/Family-Michel-with-Fabio-Terrazas-del-Nuevo-Vedado-Casa-particular-Nuevo-Vedado-Viaz\u00fal-Havana-Cuba-DSCF6245-Fabio-detr\u00e1s-de-la-bicicleta.jpg?resize=768%2C673&amp;ssl=1 768w, https:\/\/i1.wp.com\/www.tenueve.com\/wp-content\/uploads\/2018\/02\/Family-Michel-with-Fabio-Terrazas-del-Nuevo-Vedado-Casa-particular-Nuevo-Vedado-Viaz\u00fal-Havana-Cuba-DSCF6245-Fabio-detr\u00e1s-de-la-bicicleta.jpg?resize=1024%2C897&amp;ssl=1 1024w, https:\/\/i1.wp.com\/www.tenueve.com\/wp-content\/uploads\/2018\/02\/Family-Michel-with-Fabio-Terrazas-del-Nuevo-Vedado-Casa-particular-Nuevo-Vedado-Viaz\u00fal-Havana-Cuba-DSCF6245-Fabio-detr\u00e1s-de-la-bicicleta.jpg?resize=217%2C190&amp;ssl=1 217w, https:\/\/i1.wp.com\/www.tenueve.com\/wp-content\/uploads\/2018\/02\/Family-Michel-with-Fabio-Terrazas-del-Nuevo-Vedado-Casa-particular-Nuevo-Vedado-Viaz\u00fal-Havana-Cuba-DSCF6245-Fabio-detr\u00e1s-de-la-bicicleta.jpg?resize=1027%2C900&amp;ssl=1 1027w, https:\/\/i1.wp.com\/www.tenueve.com\/wp-content\/uploads\/2018\/02\/Family-Michel-with-Fabio-Terrazas-del-Nuevo-Vedado-Casa-particular-Nuevo-Vedado-Viaz\u00fal-Havana-Cuba-DSCF6245-Fabio-detr\u00e1s-de-la-bicicleta.jpg?resize=255%2C223&amp;ssl=1 255w, https:\/\/i1.wp.com\/www.tenueve.com\/wp-content\/uploads\/2018\/02\/Family-Michel-with-Fabio-Terrazas-del-Nuevo-Vedado-Casa-particular-Nuevo-Vedado-Viaz\u00fal-Havana-Cuba-DSCF6245-Fabio-detr\u00e1s-de-la-bicicleta.jpg?resize=91%2C80&amp;ssl=1 91w, https:\/\/i1.wp.com\/www.tenueve.com\/wp-content\/uploads\/2018\/02\/Family-Michel-with-Fabio-Terrazas-del-Nuevo-Vedado-Casa-particular-Nuevo-Vedado-Viaz\u00fal-Havana-Cuba-DSCF6245-Fabio-detr\u00e1s-de-la-bicicleta.jpg?resize=46%2C40&amp;ssl=1 46w, https:\/\/i1.wp.com\/www.tenueve.com\/wp-content\/uploads\/2018\/02\/Family-Michel-with-Fabio-Terrazas-del-Nuevo-Vedado-Casa-particular-Nuevo-Vedado-Viaz\u00fal-Havana-Cuba-DSCF6245-Fabio-detr\u00e1s-de-la-bicicleta.jpg?resize=480%2C421&amp;ssl=1 480w, https:\/\/i1.wp.com\/www.tenueve.com\/wp-content\/uploads\/2018\/02\/Family-Michel-with-Fabio-Terrazas-del-Nuevo-Vedado-Casa-particular-Nuevo-Vedado-Viaz\u00fal-Havana-Cuba-DSCF6245-Fabio-detr\u00e1s-de-la-bicicleta.jpg?resize=500%2C438&amp;ssl=1 500w, https:\/\/i1.wp.com\/www.tenueve.com\/wp-content\/uploads\/2018\/02\/Family-Michel-with-Fabio-Terrazas-del-Nuevo-Vedado-Casa-particular-Nuevo-Vedado-Viaz\u00fal-Havana-Cuba-DSCF6245-Fabio-detr\u00e1s-de-la-bicicleta.jpg?resize=750%2C657&amp;ssl=1 750w, https:\/\/i1.wp.com\/www.tenueve.com\/wp-content\/uploads\/2018\/02\/Family-Michel-with-Fabio-Terrazas-del-Nuevo-Vedado-Casa-particular-Nuevo-Vedado-Viaz\u00fal-Havana-Cuba-DSCF6245-Fabio-detr\u00e1s-de-la-bicicleta.jpg?resize=360%2C316&amp;ssl=1 360w, https:\/\/i1.wp.com\/www.tenueve.com\/wp-content\/uploads\/2018\/02\/Family-Michel-with-Fabio-Terrazas-del-Nuevo-Vedado-Casa-particular-Nuevo-Vedado-Viaz\u00fal-Havana-Cuba-DSCF6245-Fabio-detr\u00e1s-de-la-bicicleta.jpg?resize=600%2C526&amp;ssl=1 600w\" sizes=\"(max-width: 475px) 100vw, 475px\" data-recalc-dims=\"1\" \/><\/a><\/p>","protected":false},"excerpt":{"rendered":"<p>Wir sind f\u00fcr Sie da! Bitte schreiben Sie uns eine Email an\u00a0Terrazas del Nuevo Vedado \/ Casa Marlene (bitte auf Link klicken). Sie k\u00f6nnen die Verf\u00fcgbarkeit der Zimmer auch auf Airbnb einsehen: \u00dcber diese Links k\u00f6nnen Sie die Verf\u00fcgbarkeit auf &hellip; <a href=\"https:\/\/www.tenueve.com\/de\/availability\/\">Read More<\/a><\/p>\n","protected":false},"author":3,"featured_media":0,"parent":0,"menu_order":5,"comment_status":"closed","ping_status":"closed","template":"","meta":{"sharing_disabled":false,"spay_email":"","footnotes":""},"_links":{"self":[{"href":"https:\/\/www.tenueve.com\/de\/wp-json\/wp\/v2\/pages\/1103"}],"collection":[{"href":"https:\/\/www.tenueve.com\/de\/wp-json\/wp\/v2\/pages"}],"about":[{"href":"https:\/\/www.tenueve.com\/de\/wp-json\/wp\/v2\/types\/page"}],"author":[{"embeddable":true,"href":"https:\/\/www.tenueve.com\/de\/wp-json\/wp\/v2\/users\/3"}],"replies":[{"embeddable":true,"href":"https:\/\/www.tenueve.com\/de\/wp-json\/wp\/v2\/comments?post=1103"}],"version-history":[{"count":10,"href":"https:\/\/www.tenueve.com\/de\/wp-json\/wp\/v2\/pages\/1103\/revisions"}],"predecessor-version":[{"id":1724,"href":"https:\/\/www.tenueve.com\/de\/wp-json\/wp\/v2\/pages\/1103\/revisions\/1724"}],"wp:attachment":[{"href":"https:\/\/www.tenueve.com\/de\/wp-json\/wp\/v2\/media?parent=1103"}],"curies":[{"name":"wp","href":"https:\/\/api.w.org\/{rel}","templated":true}]}}